{"id":112,"date":"2024-11-22T09:32:08","date_gmt":"2024-11-22T09:32:08","guid":{"rendered":"https:\/\/adoring-wright.185-103-217-210.plesk.page\/?page_id=112"},"modified":"2025-07-15T07:05:28","modified_gmt":"2025-07-15T07:05:28","slug":"ara-new","status":"publish","type":"page","link":"https:\/\/ara-varazdin.com\/","title":{"rendered":""},"content":{"rendered":"\n<div class=\"wp-block-group has-border-color has-contrast-3-border-color has-global-padding is-layout-constrained wp-block-group-is-layout-constrained\" style=\"border-width:1px\">\n<h2 class=\"wp-block-heading has-text-align-center\">Ara Cocktail Bar<\/h2>\n\n\n\n<p class=\"has-text-align-center\">Cocktail &amp; Shisha<\/p>\n\n\n\n<hr class=\"wp-block-separator has-text-color has-contrast-3-color has-alpha-channel-opacity has-contrast-3-background-color has-background\"\/>\n\n\n\n<p class=\"has-text-align-center\">Mali Plac 1a, Vara\u017edin<\/p>\n\n\n\n<p><\/p>\n<\/div>\n\n\n\n<div style=\"height:169px\" aria-hidden=\"true\" class=\"wp-block-spacer\"><\/div>\n\n\n\n<h2 class=\"wp-block-heading\" id=\"Cocktails\">Kokteli<\/h2>\n\n\n\n<div class=\"wp-block-group is-layout-grid wp-container-core-group-is-layout-478b6e6b wp-block-group-is-layout-grid\">\n<figure class=\"wp-block-image has-custom-border is-style-rounded wp-duotone-unset-2 is-style-rounded--1\"><img loading=\"lazy\" decoding=\"async\" width=\"685\" height=\"1024\" src=\"https:\/\/adoring-wright.185-103-217-210.plesk.page\/wp-content\/uploads\/2024\/11\/cocktail4-685x1024.jpg\" alt=\"\" class=\"has-border-color has-contrast-3-border-color wp-image-34\" style=\"border-width:1px\" srcset=\"https:\/\/ara-varazdin.com\/wp-content\/uploads\/2024\/11\/cocktail4-685x1024.jpg 685w, https:\/\/ara-varazdin.com\/wp-content\/uploads\/2024\/11\/cocktail4-201x300.jpg 201w, https:\/\/ara-varazdin.com\/wp-content\/uploads\/2024\/11\/cocktail4-768x1149.jpg 768w, https:\/\/ara-varazdin.com\/wp-content\/uploads\/2024\/11\/cocktail4-1027x1536.jpg 1027w, https:\/\/ara-varazdin.com\/wp-content\/uploads\/2024\/11\/cocktail4.jpg 1369w\" sizes=\"auto, (max-width: 685px) 100vw, 685px\" \/><figcaption class=\"wp-element-caption\"><strong>Espresso Martini<\/strong><\/figcaption><\/figure>\n\n\n\n<figure class=\"wp-block-image size-large has-custom-border is-style-rounded wp-duotone-unset-4 is-style-rounded--3\" style=\"margin-right:0;margin-left:0\"><img loading=\"lazy\" decoding=\"async\" width=\"685\" height=\"1024\" src=\"https:\/\/adoring-wright.185-103-217-210.plesk.page\/wp-content\/uploads\/2024\/11\/cocktail3-685x1024.jpg\" alt=\"\" class=\"has-border-color has-contrast-3-border-color wp-image-33\" style=\"border-width:1px\" srcset=\"https:\/\/ara-varazdin.com\/wp-content\/uploads\/2024\/11\/cocktail3-685x1024.jpg 685w, https:\/\/ara-varazdin.com\/wp-content\/uploads\/2024\/11\/cocktail3-201x300.jpg 201w, https:\/\/ara-varazdin.com\/wp-content\/uploads\/2024\/11\/cocktail3-768x1149.jpg 768w, https:\/\/ara-varazdin.com\/wp-content\/uploads\/2024\/11\/cocktail3-1027x1536.jpg 1027w, https:\/\/ara-varazdin.com\/wp-content\/uploads\/2024\/11\/cocktail3.jpg 1369w\" sizes=\"auto, (max-width: 685px) 100vw, 685px\" \/><figcaption class=\"wp-element-caption\"><strong>Strawberry &amp; Coconut Margarita<\/strong><\/figcaption><\/figure>\n\n\n\n<figure class=\"wp-block-image size-large has-custom-border is-style-rounded is-style-rounded--5\"><img loading=\"lazy\" decoding=\"async\" width=\"685\" height=\"1024\" src=\"https:\/\/adoring-wright.185-103-217-210.plesk.page\/wp-content\/uploads\/2024\/11\/cocktail2-685x1024.jpg\" alt=\"\" class=\"has-border-color has-contrast-3-border-color wp-image-32\" style=\"border-width:1px\" srcset=\"https:\/\/ara-varazdin.com\/wp-content\/uploads\/2024\/11\/cocktail2-685x1024.jpg 685w, https:\/\/ara-varazdin.com\/wp-content\/uploads\/2024\/11\/cocktail2-201x300.jpg 201w, https:\/\/ara-varazdin.com\/wp-content\/uploads\/2024\/11\/cocktail2-768x1149.jpg 768w, https:\/\/ara-varazdin.com\/wp-content\/uploads\/2024\/11\/cocktail2-1027x1536.jpg 1027w, https:\/\/ara-varazdin.com\/wp-content\/uploads\/2024\/11\/cocktail2.jpg 1369w\" sizes=\"auto, (max-width: 685px) 100vw, 685px\" \/><figcaption class=\"wp-element-caption\"><strong>Pina Colada<\/strong><\/figcaption><\/figure>\n<\/div>\n\n\n\n<div class=\"wp-block-group is-layout-grid wp-container-core-group-is-layout-478b6e6b wp-block-group-is-layout-grid\">\n<figure class=\"wp-block-image size-large has-custom-border is-style-rounded wp-duotone-unset-7 is-style-rounded--6\"><img loading=\"lazy\" decoding=\"async\" width=\"684\" height=\"1024\" src=\"https:\/\/adoring-wright.185-103-217-210.plesk.page\/wp-content\/uploads\/2025\/02\/kuhano-vino-684x1024.jpg\" alt=\"\" class=\"has-border-color has-contrast-3-border-color wp-image-149\" style=\"border-width:1px\" srcset=\"https:\/\/ara-varazdin.com\/wp-content\/uploads\/2025\/02\/kuhano-vino-684x1024.jpg 684w, https:\/\/ara-varazdin.com\/wp-content\/uploads\/2025\/02\/kuhano-vino-201x300.jpg 201w, https:\/\/ara-varazdin.com\/wp-content\/uploads\/2025\/02\/kuhano-vino-768x1149.jpg 768w, https:\/\/ara-varazdin.com\/wp-content\/uploads\/2025\/02\/kuhano-vino.jpg 1000w\" sizes=\"auto, (max-width: 684px) 100vw, 684px\" \/><figcaption class=\"wp-element-caption\"><strong>Kuhano Vino<\/strong><\/figcaption><\/figure>\n\n\n\n<figure class=\"wp-block-image size-large has-custom-border is-style-rounded wp-duotone-unset-9 is-style-rounded--8\" style=\"margin-right:0;margin-left:0\"><img loading=\"lazy\" decoding=\"async\" width=\"641\" height=\"1024\" src=\"https:\/\/adoring-wright.185-103-217-210.plesk.page\/wp-content\/uploads\/2025\/02\/love-crystal-641x1024.jpg\" alt=\"\" class=\"has-border-color has-contrast-3-border-color wp-image-151\" style=\"border-width:1px\" srcset=\"https:\/\/ara-varazdin.com\/wp-content\/uploads\/2025\/02\/love-crystal-641x1024.jpg 641w, https:\/\/ara-varazdin.com\/wp-content\/uploads\/2025\/02\/love-crystal-188x300.jpg 188w, https:\/\/ara-varazdin.com\/wp-content\/uploads\/2025\/02\/love-crystal-768x1226.jpg 768w, https:\/\/ara-varazdin.com\/wp-content\/uploads\/2025\/02\/love-crystal-962x1536.jpg 962w, https:\/\/ara-varazdin.com\/wp-content\/uploads\/2025\/02\/love-crystal.jpg 1002w\" sizes=\"auto, (max-width: 641px) 100vw, 641px\" \/><figcaption class=\"wp-element-caption\"><strong>Love Crystal<\/strong><\/figcaption><\/figure>\n\n\n\n<figure class=\"wp-block-image size-full has-custom-border is-style-rounded is-style-rounded--10\"><img loading=\"lazy\" decoding=\"async\" width=\"660\" height=\"1024\" src=\"https:\/\/adoring-wright.185-103-217-210.plesk.page\/wp-content\/uploads\/2025\/02\/golden-ara.jpg\" alt=\"\" class=\"has-border-color has-contrast-3-border-color wp-image-150\" style=\"border-width:1px\" srcset=\"https:\/\/ara-varazdin.com\/wp-content\/uploads\/2025\/02\/golden-ara.jpg 660w, https:\/\/ara-varazdin.com\/wp-content\/uploads\/2025\/02\/golden-ara-193x300.jpg 193w\" sizes=\"auto, (max-width: 660px) 100vw, 660px\" \/><figcaption class=\"wp-element-caption\"><strong>Golden Ara<\/strong><\/figcaption><\/figure>\n<\/div>\n\n\n\n<div style=\"height:100px\" aria-hidden=\"true\" class=\"wp-block-spacer\"><\/div>\n\n\n\n<h2 class=\"wp-block-heading has-contrast-2-color has-text-color has-link-color wp-elements-1ef6add7e0b8cda7dcd4cc7e9cca9163\" id=\"Our-Team\">O nama<\/h2>\n\n\n\n<div class=\"wp-block-media-text is-stacked-on-mobile\" style=\"grid-template-columns:47% auto\"><figure class=\"wp-block-media-text__media\"><img loading=\"lazy\" decoding=\"async\" width=\"444\" height=\"562\" src=\"https:\/\/adoring-wright.185-103-217-210.plesk.page\/wp-content\/uploads\/2024\/11\/aralogo-removebg-preview.png\" alt=\"\" class=\"wp-image-27 size-full\" srcset=\"https:\/\/ara-varazdin.com\/wp-content\/uploads\/2024\/11\/aralogo-removebg-preview.png 444w, https:\/\/ara-varazdin.com\/wp-content\/uploads\/2024\/11\/aralogo-removebg-preview-237x300.png 237w\" sizes=\"auto, (max-width: 444px) 100vw, 444px\" \/><\/figure><div class=\"wp-block-media-text__content\">\n<p><\/p>\n\n\n\n<p>Nakon tri godine stanke, Ara ponovno otvara svoja vrata i donosi nezaboravno iskustvo vrhunske zabave. U svom novom crno-zlatnom ruhu, bar zra\u010di ekskluzivno\u0161\u0107u i profinjeno\u0161\u0107u, dok vas istovremeno poziva na opu\u0161teno dru\u017eenje uz najbolje koktele i shishu u gradu. Bez obzira tra\u017eite li osvje\u017eavaju\u0107u pauzu nakon posla ili planirate cjelove\u010dernji izlazak, Ara obe\u0107ava atmosferu koja \u0107e zadovoljiti i one najzahtjevnije goste.<\/p>\n<\/div><\/div>\n\n\n\n<p><\/p>\n","protected":false},"excerpt":{"rendered":"<p>Ara Cocktail Bar Cocktail &amp; Shisha Mali Plac 1a, Vara\u017edin Kokteli O nama Nakon tri godine stanke, Ara ponovno otvara svoja vrata i donosi nezaboravno iskustvo vrhunske zabave. U svom novom crno-zlatnom ruhu, bar zra\u010di ekskluzivno\u0161\u0107u i profinjeno\u0161\u0107u, dok vas istovremeno poziva na opu\u0161teno dru\u017eenje uz najbolje koktele i shishu u gradu. Bez obzira tra\u017eite [&hellip;]<\/p>\n","protected":false},"author":1,"featured_media":0,"parent":0,"menu_order":0,"comment_status":"closed","ping_status":"closed","template":"","meta":{"footnotes":""},"class_list":["post-112","page","type-page","status-publish","hentry"],"_links":{"self":[{"href":"https:\/\/ara-varazdin.com\/index.php?rest_route=\/wp\/v2\/pages\/112","targetHints":{"allow":["GET"]}}],"collection":[{"href":"https:\/\/ara-varazdin.com\/index.php?rest_route=\/wp\/v2\/pages"}],"about":[{"href":"https:\/\/ara-varazdin.com\/index.php?rest_route=\/wp\/v2\/types\/page"}],"author":[{"embeddable":true,"href":"https:\/\/ara-varazdin.com\/index.php?rest_route=\/wp\/v2\/users\/1"}],"replies":[{"embeddable":true,"href":"https:\/\/ara-varazdin.com\/index.php?rest_route=%2Fwp%2Fv2%2Fcomments&post=112"}],"version-history":[{"count":32,"href":"https:\/\/ara-varazdin.com\/index.php?rest_route=\/wp\/v2\/pages\/112\/revisions"}],"predecessor-version":[{"id":166,"href":"https:\/\/ara-varazdin.com\/index.php?rest_route=\/wp\/v2\/pages\/112\/revisions\/166"}],"wp:attachment":[{"href":"https:\/\/ara-varazdin.com\/index.php?rest_route=%2Fwp%2Fv2%2Fmedia&parent=112"}],"curies":[{"name":"wp","href":"https:\/\/api.w.org\/{rel}","templated":true}]}}